{"id":393,"date":"2017-09-26T19:31:13","date_gmt":"2017-09-26T17:31:13","guid":{"rendered":"http:\/\/localhost:8888\/LOGUELTAS%20LOCAL\/?page_id=393"},"modified":"2021-11-22T12:10:30","modified_gmt":"2021-11-22T11:10:30","slug":"mentions-legales","status":"publish","type":"page","link":"https:\/\/manoirdelogueltas.com\/?page_id=393","title":{"rendered":"Mentions l\u00e9gales"},"content":{"rendered":"\t\t<div data-elementor-type=\"wp-page\" data-elementor-id=\"393\" class=\"elementor elementor-393\" data-elementor-post-type=\"page\">\n\t\t\t\t\t\t<section class=\"elementor-section elementor-top-section elementor-element elementor-element-12423393 elementor-section-boxed elementor-section-height-default elementor-section-height-default\" data-id=\"12423393\" data-element_type=\"section\" data-e-type=\"section\">\n\t\t\t\t\t\t<div class=\"elementor-container elementor-column-gap-default\">\n\t\t\t\t\t<div class=\"elementor-column elementor-col-100 elementor-top-column elementor-element elementor-element-53b00cda\" data-id=\"53b00cda\" data-element_type=\"column\" data-e-type=\"column\">\n\t\t\t<div class=\"elementor-widget-wrap elementor-element-populated\">\n\t\t\t\t\t\t<div class=\"elementor-element elementor-element-488640f elementor-widget elementor-widget-text-editor\" data-id=\"488640f\" data-element_type=\"widget\" data-e-type=\"widget\" data-widget_type=\"text-editor.default\">\n\t\t\t\t<div class=\"elementor-widget-container\">\n\t\t\t\t\t\t\t\t\t<p><strong>Conditions g\u00e9n\u00e9rales :<\/strong><\/p><p>Le site www.manoirdelogueltas.fr a pour objet \u00ab la location d\u2019h\u00e9bergements touristiques sous forme de g\u00eetes \u00bb<\/p><p>Le site est h\u00e9berg\u00e9 par : Online<\/p><p>Sa s\u00e9curit\u00e9 est assur\u00e9e par SB<\/p><p>Sa conception a \u00e9t\u00e9 r\u00e9alis\u00e9e par Cl\u00e9mence PROT, auto-entrepreneur sous le nom de \u00ab My Comm\u2019 by Clem \u00bb, SIRET : 83 1817 036 00013<\/p><p>Les photographies pr\u00e9sentes sur le site ont \u00e9t\u00e9 r\u00e9alis\u00e9es par : Phillipe Herbillot \/ Studio Chouet<\/p><p>En cas de probl\u00e8me, merci de contacter le webmaster via l\u2019adresse mail suivante : mycommbyclem@gmail.com<\/p><p>Aucune des personnes morales ou physiques cit\u00e9es ci-dessus ne peut et en aucun cas \u00eatre tenue responsable des liens externes, pannes de mat\u00e9riels, bug informatiques li\u00e9s \u00e0 l\u2019utilisation du site. Aucune des personnes morales ou physiques cit\u00e9es ci-dessus ne peut et en aucun cas \u00eatre tenu responsable des \u00e9ventuelles inexactitudes pr\u00e9sentes sur le site.<\/p><p>La propri\u00e9t\u00e9 intellectuelle du site revient \u00e0 l\u2019entreprise \u00ab My Comm\u2019 by Clem \u00bb ainsi que ses textes et illustrations. Toute copie des logos, des contenus textes, pictographiques ou d\u2019images est strictement interdite sous peine de poursuites. La reproduction, tant commercial que personnel est strictement interdite. Les photographies du site n\u2019ont pas de valeur contractuelle.<\/p><p>Les cookies utilis\u00e9s ne seront jamais communiqu\u00e9s \u00e0 un tiers ou utilis\u00e9s pour une autre finalit\u00e9 que des mesures d\u2019audiences simples, ne n\u00e9cessitant pas la mise en place de traceurs, et ce, dans le respect le plus strict de votre vie priv\u00e9e. Nous n\u2019utilisons pas les cookies \u00e0 des fins publicitaires.<\/p><p>Vous avez la possibilit\u00e9 de vous opposer \u00e0 ces cookies et de changer les param\u00e8tres d\u2019utilisation en cliquant sur ce <a href=\"https:\/\/support.mozilla.org\/fr\/kb\/effacer-les-cookies-pour-supprimer-les-information\">lien<\/a>. La poursuite de votre navigation vaut accord au d\u00e9p\u00f4t de cookies sur votre terminal.<\/p>\t\t\t\t\t\t\t\t<\/div>\n\t\t\t\t<\/div>\n\t\t\t\t\t<\/div>\n\t\t<\/div>\n\t\t\t\t\t<\/div>\n\t\t<\/section>\n\t\t\t\t<\/div>\n\t\t","protected":false},"excerpt":{"rendered":"<p>Conditions g\u00e9n\u00e9rales : Le site www.manoirdelogueltas.fr a pour objet \u00ab la location d\u2019h\u00e9bergements touristiques sous forme de g\u00eetes \u00bb Le&hellip; <\/p>\n","protected":false},"author":1,"featured_media":0,"parent":0,"menu_order":0,"comment_status":"closed","ping_status":"closed","template":"elementor_header_footer","meta":{"_monsterinsights_skip_tracking":false,"_monsterinsights_sitenote_active":false,"_monsterinsights_sitenote_note":"","_monsterinsights_sitenote_category":0,"footnotes":""},"class_list":["post-393","page","type-page","status-publish","hentry"],"aioseo_notices":[],"jetpack_sharing_enabled":true,"jetpack_shortlink":"https:\/\/wp.me\/P9jFtj-6l","jetpack_likes_enabled":true,"_links":{"self":[{"href":"https:\/\/manoirdelogueltas.com\/index.php?rest_route=\/wp\/v2\/pages\/393","targetHints":{"allow":["GET"]}}],"collection":[{"href":"https:\/\/manoirdelogueltas.com\/index.php?rest_route=\/wp\/v2\/pages"}],"about":[{"href":"https:\/\/manoirdelogueltas.com\/index.php?rest_route=\/wp\/v2\/types\/page"}],"author":[{"embeddable":true,"href":"https:\/\/manoirdelogueltas.com\/index.php?rest_route=\/wp\/v2\/users\/1"}],"replies":[{"embeddable":true,"href":"https:\/\/manoirdelogueltas.com\/index.php?rest_route=%2Fwp%2Fv2%2Fcomments&post=393"}],"version-history":[{"count":12,"href":"https:\/\/manoirdelogueltas.com\/index.php?rest_route=\/wp\/v2\/pages\/393\/revisions"}],"predecessor-version":[{"id":4376,"href":"https:\/\/manoirdelogueltas.com\/index.php?rest_route=\/wp\/v2\/pages\/393\/revisions\/4376"}],"wp:attachment":[{"href":"https:\/\/manoirdelogueltas.com\/index.php?rest_route=%2Fwp%2Fv2%2Fmedia&parent=393"}],"curies":[{"name":"wp","href":"https:\/\/api.w.org\/{rel}","templated":true}]}}